{"id":1540,"date":"2025-06-11T11:42:25","date_gmt":"2025-06-11T09:42:25","guid":{"rendered":"https:\/\/audace-parisienne.com\/tell-us-about-your-project\/"},"modified":"2025-06-23T18:56:04","modified_gmt":"2025-06-23T16:56:04","slug":"tell-us-about-your-project","status":"publish","type":"page","link":"https:\/\/audace-parisienne.com\/en\/tell-us-about-your-project\/","title":{"rendered":"Tell us about your project"},"content":{"rendered":"\t\t<div data-elementor-type=\"wp-page\" data-elementor-id=\"1540\" class=\"elementor elementor-1540 elementor-1063\">\n\t\t\t\t<div class=\"elementor-element elementor-element-221ea1d e-flex e-con-boxed e-con e-parent\" data-id=\"221ea1d\" data-element_type=\"container\">\n\t\t\t\t\t<div class=\"e-con-inner\">\n\t\t\t\t<div class=\"elementor-element elementor-element-8c97803 elementor-widget elementor-widget-spacer\" data-id=\"8c97803\" data-element_type=\"widget\" data-widget_type=\"spacer.default\">\n\t\t\t\t<div class=\"elementor-widget-container\">\n\t\t\t\t\t\t\t<div class=\"elementor-spacer\">\n\t\t\t<div class=\"elementor-spacer-inner\"><\/div>\n\t\t<\/div>\n\t\t\t\t\t\t<\/div>\n\t\t\t\t<\/div>\n\t\t\t\t<div class=\"elementor-element elementor-element-2597121 elementor-widget elementor-widget-heading\" data-id=\"2597121\" data-element_type=\"widget\" data-widget_type=\"heading.default\">\n\t\t\t\t<div class=\"elementor-widget-container\">\n\t\t\t\t\t<h3 class=\"elementor-heading-title elementor-size-default\">Your project<\/h3>\t\t\t\t<\/div>\n\t\t\t\t<\/div>\n\t\t\t\t<div class=\"elementor-element elementor-element-68efdf1 elementor-widget elementor-widget-spacer\" data-id=\"68efdf1\" data-element_type=\"widget\" data-widget_type=\"spacer.default\">\n\t\t\t\t<div class=\"elementor-widget-container\">\n\t\t\t\t\t\t\t<div class=\"elementor-spacer\">\n\t\t\t<div class=\"elementor-spacer-inner\"><\/div>\n\t\t<\/div>\n\t\t\t\t\t\t<\/div>\n\t\t\t\t<\/div>\n\t\t\t\t<div class=\"elementor-element elementor-element-c642480 elementor-widget elementor-widget-formidable\" data-id=\"c642480\" data-element_type=\"widget\" data-widget_type=\"formidable.default\">\n\t\t\t\t<div class=\"elementor-widget-container\">\n\t\t\t\t\t<div class=\"frm_forms  with_frm_style frm_center_submit frm_style_audace-parisienne\" id=\"frm_form_3_container\" data-token=\"1f5f1839328cf6202d80587480e0fe59\">\n<form enctype=\"multipart\/form-data\" method=\"post\" class=\"frm-show-form  frm_js_validate  frm_ajax_submit  frm_pro_form \" id=\"form_projet\" data-token=\"1f5f1839328cf6202d80587480e0fe59\">\n<div class=\"frm_form_fields \">\n<fieldset>\n<legend class=\"frm_screen_reader\">Tell us about your project<\/legend>\r\n\r\n<div class=\"frm_fields_container\">\n<input type=\"hidden\" name=\"frm_action\" value=\"create\" \/>\n<input type=\"hidden\" name=\"form_id\" value=\"3\" \/>\n<input type=\"hidden\" name=\"frm_hide_fields_3\" id=\"frm_hide_fields_3\" value=\"\" \/>\n<input type=\"hidden\" name=\"form_key\" value=\"projet\" \/>\n<input type=\"hidden\" name=\"item_meta[0]\" value=\"\" \/>\n<input type=\"hidden\" id=\"frm_submit_entry_3\" name=\"frm_submit_entry_3\" value=\"a84a2679e9\" \/><input type=\"hidden\" name=\"_wp_http_referer\" value=\"\/en\/wp-json\/wp\/v2\/pages\/1540\" \/><div id=\"frm_field_14_container\" class=\"frm_form_field form-field  frm_required_field frm_none_container frm4 frm_first\">\r\n\t<label for=\"field_mqqbp2\" id=\"field_mqqbp2_label\" class=\"frm_primary_label\">First name\r\n\t\t<span class=\"frm_required\" aria-hidden=\"true\">*<\/span>\r\n\t<\/label>\r\n\t<input  type=\"text\" id=\"field_mqqbp2\" name=\"item_meta[14]\" value=\"\"  placeholder=\"Pr\u00e9nom*\" data-reqmsg=\"First name cannot be blank.\t\" aria-required=\"true\" data-invmsg=\"First name is not valid\" aria-invalid=\"false\"   \/>\r\n\t\r\n\t\r\n<\/div>\n<div id=\"frm_field_15_container\" class=\"frm_form_field form-field  frm_required_field frm_none_container frm4\">\r\n\t<label for=\"field_yagam2\" id=\"field_yagam2_label\" class=\"frm_primary_label\">Last name\r\n\t\t<span class=\"frm_required\" aria-hidden=\"true\">*<\/span>\r\n\t<\/label>\r\n\t<input  type=\"text\" id=\"field_yagam2\" name=\"item_meta[15]\" value=\"\"  placeholder=\"Nom*\" data-reqmsg=\"Last name cannot be blank.\t\" aria-required=\"true\" data-invmsg=\"Last name is not valid\" aria-invalid=\"false\"   \/>\r\n\t\r\n\t\r\n<\/div>\n<div id=\"frm_field_16_container\" class=\"frm_form_field form-field  frm_required_field frm_none_container frm4\">\r\n\t<label for=\"field_w6gsh2\" id=\"field_w6gsh2_label\" class=\"frm_primary_label\">Company\r\n\t\t<span class=\"frm_required\" aria-hidden=\"true\">*<\/span>\r\n\t<\/label>\r\n\t<input  type=\"text\" id=\"field_w6gsh2\" name=\"item_meta[16]\" value=\"\"  placeholder=\"Company\" data-reqmsg=\"Company cannot be blank.\" aria-required=\"true\" data-invmsg=\"Company is not valid\" aria-invalid=\"false\"   \/>\r\n\t\r\n\t\r\n<\/div>\n<div id=\"frm_field_17_container\" class=\"frm_form_field form-field  frm_none_container frm4 frm_first\">\r\n\t<label for=\"field_w6qgo2\" id=\"field_w6qgo2_label\" class=\"frm_primary_label\">Telephone\r\n\t\t<span class=\"frm_required\" aria-hidden=\"true\"><\/span>\r\n\t<\/label>\r\n\t<input type=\"tel\" id=\"field_w6qgo2\" name=\"item_meta[17]\" value=\"\"  placeholder=\"Telephone\" data-invmsg=\"Telephone is not valid\" class=\"frm-intl-tel-input\" aria-invalid=\"false\" pattern=\"\\+?\\d{1,4}[\\s\\-]?(?:\\(\\d{1,3}\\)[\\s\\-]?)?\\d{1,4}[\\s\\-]?\\d{1,4}[\\s\\-]?\\d{1,4}$\"  \/>\r\n\t\r\n\t\r\n<\/div>\n<div id=\"frm_field_18_container\" class=\"frm_form_field form-field  frm_required_field frm_none_container frm4\">\r\n\t<label for=\"field_3ugyb2\" id=\"field_3ugyb2_label\" class=\"frm_primary_label\">Email\r\n\t\t<span class=\"frm_required\" aria-hidden=\"true\">*<\/span>\r\n\t<\/label>\r\n\t<input type=\"email\" id=\"field_3ugyb2\" name=\"item_meta[18]\" value=\"\"  placeholder=\"E-mail*\" data-reqmsg=\"Email cannot be blank.\t\" aria-required=\"true\" data-invmsg=\"Email is not valid\" aria-invalid=\"false\"  \/>\r\n\t\r\n\t\r\n<\/div>\n<div id=\"frm_field_36_container\" class=\"frm_form_field form-field  frm_required_field frm_none_container frm4\">\r\n\t<label for=\"field_1j287\" id=\"field_1j287_label\" class=\"frm_primary_label\">Fonction\r\n\t\t<span class=\"frm_required\" aria-hidden=\"true\">*<\/span>\r\n\t<\/label>\r\n\t\t\t<select name=\"item_meta[36]\" id=\"field_1j287\"  data-placeholder=\"Fonction\"  data-frmval=\"Nouvelle Option\" data-frmplaceholder=\"Fonction\" placeholder=\"Fonction\" data-reqmsg=\"Fonction ne peut pas \u00eatre vide.\" aria-required=\"true\" data-invmsg=\"Fonction est non valide\" aria-invalid=\"false\"  >\n\t\t<option  class=\"frm-select-placeholder\" value=\"\" data-placeholder=\"true\">Fonction<\/option><option  value=\"Responsable Communication\">Responsable Communication<\/option><option  value=\"Responsable \u00c9v\u00e9nementiel\">Responsable \u00c9v\u00e9nementiel<\/option><option  value=\"Chef de Projet \u00c9v\u00e9nementiel\">Chef de Projet \u00c9v\u00e9nementiel<\/option><option  value=\"Office Manager\">Office Manager<\/option><option  value=\"Responsable RH\">Responsable RH<\/option><option  value=\"Directeur G\u00e9n\u00e9ral\">Directeur G\u00e9n\u00e9ral<\/option><option  value=\"Responsable RSE\">Responsable RSE<\/option><option  value=\"Responsable Partenariats \/ Sponsoring\">Responsable Partenariats \/ Sponsoring<\/option><option  value=\"Assistant(e) de Direction\">Assistant(e) de Direction<\/option><option  value=\"Autres\">Autres<\/option>\t<\/select>\n\t\r\n\t\r\n\t\r\n<\/div>\n<div id=\"frm_field_35_container\" class=\"frm_form_field form-field  frm_required_field frm_none_container frm4 frm_first\">\r\n\t<label for=\"field_acgyg\" id=\"field_acgyg_label\" class=\"frm_primary_label\">Date de l'\u00e9v\u00e9nement\r\n\t\t<span class=\"frm_required\" aria-hidden=\"true\">*<\/span>\r\n\t<\/label>\r\n\t<input type=\"text\" id=\"field_acgyg\" name=\"item_meta[35]\" value=\"\"  maxlength=\"10\" placeholder=\"Date de l&#039;\u00e9v\u00e9nement\" data-reqmsg=\"Date de l&#039;\u00e9v\u00e9nement ne peut pas \u00eatre vide.\" aria-required=\"true\" data-invmsg=\"Date de l&#039;\u00e9v\u00e9nement est non valide\" class=\"frm_date\" aria-invalid=\"false\"  \/>\r\n\t\r\n\t\r\n<\/div>\n<div id=\"frm_field_27_container\" class=\"frm_form_field form-field  frm_required_field frm_none_container frm4\">\r\n\t<label for=\"field_h662x\" id=\"field_h662x_label\" class=\"frm_primary_label\">Number of people\r\n\t\t<span class=\"frm_required\" aria-hidden=\"true\">*<\/span>\r\n\t<\/label>\r\n\t<input type=\"number\" id=\"field_h662x\" name=\"item_meta[27]\" value=\"\" placeholder=\"Number of people\" data-reqmsg=\"Number of people ne peut pas \u00eatre vide.\" aria-required=\"true\" data-invmsg=\"Number of people is not valid\" aria-invalid=\"false\"   min=\"1\" max=\"10000\" step=\"1\" \/>\r\n\t\r\n\t\r\n<\/div>\n<div id=\"frm_field_28_container\" class=\"frm_form_field form-field  frm_none_container frm4 frm_other_container\">\r\n\t<label for=\"field_ieb6w\" id=\"field_ieb6w_label\" class=\"frm_primary_label\">Type of event\r\n\t\t<span class=\"frm_required\" aria-hidden=\"true\"><\/span>\r\n\t<\/label>\r\n\t\t\t<select name=\"item_meta[28]\" id=\"field_ieb6w\"  data-placeholder=\"Type of event\"  placeholder=\"Type of event\" data-invmsg=\"Type of event is not valid\" aria-invalid=\"false\"  >\n\t\t<option  class=\"frm-select-placeholder\" value=\"\" data-placeholder=\"true\">Type of event<\/option><option  value=\"S\u00e9minaire\">Seminar<\/option><option  value=\"Soir\u00e9e d\u2019entreprise\">Company party<\/option><option  value=\"S\u00e9minaire r\u00e9sidentiel\">Residential seminar<\/option><option  value=\"Autre\" class=\"frm_other_trigger\">Other<\/option>\t<\/select>\n\t<label for=\"field_ieb6w-otext\" class=\"frm_screen_reader frm_hidden\">Type of event<\/label><input type=\"text\" id=\"field_ieb6w-otext\" class=\"frm_other_input frm_pos_none\"  name=\"item_meta[other][28]\" value=\"\" \/>\r\n\t\r\n\t\r\n<\/div>\n<div id=\"frm_field_19_container\" class=\"frm_form_field form-field  frm_required_field frm_none_container\">\r\n\t<label for=\"field_4gtfa2\" id=\"field_4gtfa2_label\" class=\"frm_primary_label\">What are the objectives of this event?\r\n\t\t<span class=\"frm_required\" aria-hidden=\"true\">*<\/span>\r\n\t<\/label>\r\n\t<textarea name=\"item_meta[19]\" id=\"field_4gtfa2\" rows=\"5\"  placeholder=\"Quels sont les objectifs de cet \u00e9v\u00e9nement ?\" data-reqmsg=\"What are the objectives of this event? cannot be blank.\t\" aria-required=\"true\" data-invmsg=\"What are the objectives of this event? is not valid\" aria-invalid=\"false\"  ><\/textarea>\r\n\t\r\n\t\r\n<\/div>\n<div id=\"frm_field_29_container\" class=\"frm_form_field form-field  frm_none_container frm6 frm_first\">\r\n\t<label for=\"field_gzi4f\" id=\"field_gzi4f_label\" class=\"frm_primary_label\">Desired location\r\n\t\t<span class=\"frm_required\" aria-hidden=\"true\"><\/span>\r\n\t<\/label>\r\n\t<input  type=\"text\" id=\"field_gzi4f\" name=\"item_meta[29]\" value=\"\"  placeholder=\"Desired location\" data-invmsg=\"Desired location is not valid\" aria-invalid=\"false\"   \/>\r\n\t\r\n\t\r\n<\/div>\n<div id=\"frm_field_30_container\" class=\"frm_form_field form-field  frm_none_container frm6\">\r\n\t<label for=\"field_auiho\" id=\"field_auiho_label\" class=\"frm_primary_label\">Budget\r\n\t\t<span class=\"frm_required\" aria-hidden=\"true\"><\/span>\r\n\t<\/label>\r\n\t<div class=\"\"><input type=\"text\" id=\"field_auiho\" name=\"item_meta[30]\" value=\"\" inputmode=\"decimal\" placeholder=\"Budget\" data-invmsg=\"Budget is not valid\" class=\"frm_field_number frm-has-number-format\" aria-invalid=\"false\"   min=\"1\" max=\"10\" step=\"1\" \/><\/div>\r\n\t\r\n\t\r\n<\/div>\n<div id=\"frm_field_31_container\" class=\"frm_form_field form-field  frm_none_container\">\r\n\t<label for=\"field_mtzdw\" id=\"field_mtzdw_label\" class=\"frm_primary_label\">Comments\r\n\t\t<span class=\"frm_required\" aria-hidden=\"true\"><\/span>\r\n\t<\/label>\r\n\t<textarea name=\"item_meta[31]\" id=\"field_mtzdw\" rows=\"5\"  placeholder=\"Comments\" data-invmsg=\"Comments is not valid\" aria-invalid=\"false\"  ><\/textarea>\r\n\t\r\n\t\r\n<\/div>\n<div id=\"frm_field_32_container\" class=\"frm_form_field form-field  frm_top_container frm12 frm_first\">\r\n\t<label for=\"field_f7qah\" id=\"field_f7qah_label\" class=\"frm_primary_label\">Attach a file\r\n\t\t<span class=\"frm_required\" aria-hidden=\"true\"><\/span>\r\n\t<\/label>\r\n\t<input type=\"hidden\"  data-invmsg=\"Attach a file is not valid\" aria-invalid=\"false\"   name=\"item_meta[32][]\"  value=\"\" data-frmfile=\"32\" \/>\n\n<div class=\"frm_dropzone frm_multi_upload frm_clearfix\" id=\"file32_dropzone\" role=\"group\" >\n\t<div class=\"fallback\">\n\t\t<input type=\"file\" name=\"file32[]\" id=\"field_f7qah\"\n\t\t\t data-frmfile=\"32\" multiple=\"multiple\"  data-invmsg=\"Attach a file is not valid\" aria-invalid=\"false\"  \t\t\t\/>\n\t\t\t\t<div class=\"frm_clearfix \"><\/div>\n\t<\/div>\n\t<div class=\"dz-message needsclick\">\n\t\t\t\t<svg  viewBox=\"0 0 18 18\" class=\"frmsvg frm-svg-icon\">\n\t<path viewBox=\"0 0 18 18\" fill-rule=\"evenodd\" clip-rule=\"evenodd\" d=\"M8.2 4v8a.8.8 0 001.5 0V4l2.1 2.2A.7.7 0 1013 5L9.5 1.7a.7.7 0 00-1.1 0L5.1 5.2a.8.8 0 001 1l2.1-2zm7.6 4.3c.4 0 .7.3.7.7v6.8c0 .4-.3.7-.8.7H2.3a.8.8 0 01-.8-.8V9A.8.8 0 013 9v6h12V9c0-.4.3-.8.8-.8z\"><\/path>\n<\/svg>\t\t<span class=\"frm_upload_text\"><button type=\"button\" aria-label=\"Attach a file. D\u00e9poser un fichier ici ou cliquer pour t\u00e9l\u00e9charger. Maximum file size: 134.22MB\">D\u00e9poser un fichier ici ou cliquer pour t\u00e9l\u00e9charger<\/button><\/span>\n\t\t<span class=\"frm_compact_text\"><button type=\"button\" aria-label=\"Attach a file. Choisir un fichier. Maximum file size: 134.22MB\">Choisir un fichier<\/button><\/span>\n\t\t<div class=\"frm_small_text\">\n\t\t\t<p>Maximum file size: 134.22MB<\/p>\n\t\t<\/div>\n\t<\/div>\n<\/div>\n\t\r\n\t\r\n\t\r\n<\/div>\n<div id=\"frm_field_20_container\" class=\"frm_form_field form-field  frm_required_field frm_none_container vertical_radio\">\r\n\t<div  id=\"field_s8udw2_label\" class=\"frm_primary_label\">Personnal data\r\n\t\t<span class=\"frm_required\" aria-hidden=\"true\">*<\/span>\r\n\t<\/div>\r\n\t<div class=\"frm_opt_container\" aria-labelledby=\"field_s8udw2_label\" role=\"group\">\t\t<div class=\"frm_checkbox\" id=\"frm_checkbox_20-0\">\t\t\t<label  for=\"field_s8udw2-0\">\n\t\t\t<input type=\"checkbox\" name=\"item_meta[20][]\" id=\"field_s8udw2-0\" value=\"J&#039;accepte que les donn\u00e9es saisies soient collect\u00e9s par Audace Parisienne dans le but de communiquer avec moi\"  data-reqmsg=\"Personnal data cannot be blank.\t\" data-invmsg=\"Personnal data is not valid\"   aria-required=\"true\"  \/> I consent to the data provided being collected by Audace Parisienne for the purpose of communicating with me.<\/label><\/div>\n<\/div>\r\n\t\r\n\t\r\n<\/div>\n<div id=\"frm_field_34_container\" class=\"frm_form_field form-field  frm_none_container\">\r\n\t<label for=\"g-recaptcha-response\" id=\"field_uso1z_label\" class=\"frm_primary_label\">Captcha\r\n\t\t<span class=\"frm_required\" aria-hidden=\"true\"><\/span>\r\n\t<\/label>\r\n\t<div  id=\"field_uso1z\" class=\"frm-g-recaptcha\" data-sitekey=\"6LebDm4rAAAAAF_GHx47TXu8j6rz2IPntD1cUMs0\" data-size=\"invisible\" data-theme=\"light\"><\/div>\r\n\t\r\n\t\r\n<\/div>\n<div id=\"frm_field_21_container\" class=\"frm_form_field form-field \">\r\n\t<div class=\"frm_submit frm_flex\">\r\n<button class=\"frm_button_submit frm_final_submit\" type=\"submit\"   formnovalidate=\"formnovalidate\">SUBMIT<\/button>\r\n\r\n\r\n\r\n<\/div>\r\n<\/div>\n\t<input type=\"hidden\" name=\"item_key\" value=\"\" \/>\n\t\t\t<div id=\"frm_field_38_container\">\n\t\t\t<label for=\"field_mae33\" >\n\t\t\t\tIf you are human, leave this field blank.\t\t\t<\/label>\n\t\t\t<input  id=\"field_mae33\" type=\"text\" class=\"frm_form_field form-field frm_verify\" name=\"item_meta[38]\" value=\"\"  \/>\n\t\t<\/div>\n\t\t<input name=\"frm_state\" type=\"hidden\" value=\"cpGw+gC+5I8eV8jdc2MF0t94bJ2VrGOeX+hpX4TqQFkMSBGP4fm2O4xRUS2eA0YQ\" \/><\/div>\n<\/fieldset>\n<\/div>\n\n<\/form>\n<\/div>\n\t\t\t\t<\/div>\n\t\t\t\t<\/div>\n\t\t\t\t<div class=\"elementor-element elementor-element-510857e elementor-widget elementor-widget-spacer\" data-id=\"510857e\" data-element_type=\"widget\" data-widget_type=\"spacer.default\">\n\t\t\t\t<div class=\"elementor-widget-container\">\n\t\t\t\t\t\t\t<div class=\"elementor-spacer\">\n\t\t\t<div class=\"elementor-spacer-inner\"><\/div>\n\t\t<\/div>\n\t\t\t\t\t\t<\/div>\n\t\t\t\t<\/div>\n\t\t\t\t\t<\/div>\n\t\t\t\t<\/div>\n\t\t\t\t<\/div>\n\t\t","protected":false},"excerpt":{"rendered":"<p>Your project Soumettre votre projet Pr\u00e9nom * Nom * Soci\u00e9t\u00e9 T\u00e9l\u00e9phone E-mail * Date de l&#8217;\u00e9v\u00e9nement Nombre de personnes Type d&#8217;\u00e9v\u00e9nement Type d&#039;\u00e9v\u00e9nementS\u00e9minaireSoir\u00e9e d\u2019entrepriseS\u00e9minaire r\u00e9sidentielAutre Type d&#039;\u00e9v\u00e9nement Quels sont les objectifs de cet \u00e9v\u00e9nement * Localisation souhait\u00e9e Budget Commentaires * Envoyer un fichier (ex : cahier des charges) D\u00e9poser un fichier ici ou cliquer pour [&hellip;]<\/p>\n","protected":false},"author":1,"featured_media":0,"parent":0,"menu_order":0,"comment_status":"closed","ping_status":"closed","template":"","meta":{"_acf_changed":false,"slim_seo":{"title":"Tell us about your project - Audace Parisienne","description":"Your project Soumettre votre projet Pr\u00e9nom * Nom * Soci\u00e9t\u00e9 T\u00e9l\u00e9phone E-mail * Date de l'\u00e9v\u00e9nement Nombre de personnes Type d'\u00e9v\u00e9nement Type d&#039;\u00e9v\u00e9nement S\u00e9m"},"footnotes":""},"class_list":["post-1540","page","type-page","status-publish","hentry"],"acf":[],"_links":{"self":[{"href":"https:\/\/audace-parisienne.com\/en\/wp-json\/wp\/v2\/pages\/1540","targetHints":{"allow":["GET"]}}],"collection":[{"href":"https:\/\/audace-parisienne.com\/en\/wp-json\/wp\/v2\/pages"}],"about":[{"href":"https:\/\/audace-parisienne.com\/en\/wp-json\/wp\/v2\/types\/page"}],"author":[{"embeddable":true,"href":"https:\/\/audace-parisienne.com\/en\/wp-json\/wp\/v2\/users\/1"}],"replies":[{"embeddable":true,"href":"https:\/\/audace-parisienne.com\/en\/wp-json\/wp\/v2\/comments?post=1540"}],"version-history":[{"count":0,"href":"https:\/\/audace-parisienne.com\/en\/wp-json\/wp\/v2\/pages\/1540\/revisions"}],"wp:attachment":[{"href":"https:\/\/audace-parisienne.com\/en\/wp-json\/wp\/v2\/media?parent=1540"}],"curies":[{"name":"wp","href":"https:\/\/api.w.org\/{rel}","templated":true}]}}